{"id":1572,"date":"2018-07-10T15:31:39","date_gmt":"2018-07-10T15:31:39","guid":{"rendered":"http:\/\/puyallup.wsu.edu\/soils\/?page_id=1572"},"modified":"2025-12-18T14:16:22","modified_gmt":"2025-12-18T22:16:22","slug":"espanol","status":"publish","type":"page","link":"https:\/\/puyallup.wsu.edu\/soils\/archive-wsu-puyallups-legacy-of-urban-and-organic-systems-research\/espanol\/","title":{"rendered":"Recursos en Espa\u00f1ol"},"content":{"rendered":"<header class=\"wsu-article-header \">\r\n\t<h1 class=\"wsu-article-header__title\">\r\n\t\tRecursos en Espa\u00f1ol\t<\/h1>\r\n\t\t<\/header>\r\n\n\n<div class=\"wsu-row wsu-row--halves\" >\r\n    \n<div class=\"wsu-column\"  style=\"\">\r\n\t\n\n<ul>\n<li><a href=\"http:\/\/foodsystems.wsu.edu\/latino-resources\/\"><strong>Recursos para Productores Latinos<\/strong><\/a> &#8211; Nuestro Programa de Agricultores Latinos apoye a productores para que sus negocios agr\u00edcolas tengan \u00e9xito. Enfocado en el Noroeste de Washington, ayudamos a productores a profundizar su conocimiento a trav\u00e9s de talleres y cursos, escribir un plan de negocios y un plan total de granja, solicitar prestamos y subvenciones, conectarse con mercados y compradores y explorar nuevos productos de valor agregado y m\u00e1s.<\/li>\n<li><a href=\"https:\/\/wpcdn.web.wsu.edu\/wp-puyallup\/uploads\/sites\/411\/2014\/12\/SS_Composicion_Analisis_de_Suelo.pdf\"><strong>La Composici\u00f3n y An\u00e1lisis de Suelos (PDF Presentaci\u00f3n de diapositivas, 23 diapositivas,<\/strong><\/a> <em>utilizar la barra de desplazamiento vertical del navegador a la p\u00e1gina a trav\u00e9s de diapositivas<\/em>). Cogger, C.G.<\/li>\n<li><a href=\"https:\/\/pubs.extension.wsu.edu\/spanish-publications\">Publicaciones en Espa\u00f1ol de la Universidad Estadal de Washington.<\/a><\/li>\n<li><a href=\"https:\/\/catalog.extension.oregonstate.edu\/topic\/spanish-language-materials\">Publicaciones en Espa\u00f1ol de la Universidad de la Estadal de Oregon<\/a>.<\/li>\n<li><a href=\"http:\/\/www.extension.uidaho.edu\/resources1.aspx?title=Spanish&amp;category1=Spanish&amp;category2=NULL\">Publicaciones en Espa\u00f1ol de la Universidad de Idaho<\/a>.<\/li>\n<\/ul>\n<p><img decoding=\"async\" loading=\"lazy\" class=\"aligncenter wp-image-1899\" src=\"https:\/\/wpcdn.web.wsu.edu\/wp-puyallup\/uploads\/sites\/411\/2019\/02\/Recursos5b_CAHNRS-396x594.jpg\" alt=\"Two men looking at a grapes in a vineyard.\" width=\"156\" height=\"235\" srcset=\"https:\/\/wpcdn.web.wsu.edu\/wp-puyallup\/uploads\/sites\/411\/2019\/02\/Recursos5b_CAHNRS-396x594.jpg 396w, https:\/\/wpcdn.web.wsu.edu\/wp-puyallup\/uploads\/sites\/411\/2019\/02\/Recursos5b_CAHNRS-768x1152.jpg 768w, https:\/\/wpcdn.web.wsu.edu\/wp-puyallup\/uploads\/sites\/411\/2019\/02\/Recursos5b_CAHNRS-792x1188.jpg 792w, https:\/\/wpcdn.web.wsu.edu\/wp-puyallup\/uploads\/sites\/411\/2019\/02\/Recursos5b_CAHNRS.jpg 800w\" sizes=\"(max-width: 156px) 100vw, 156px\" \/><\/p>\n\n<\/div>\r\n\n\n<div class=\"wsu-column\"  style=\"\">\r\n\t\n\n<p><img decoding=\"async\" loading=\"lazy\" class=\"aligncenter wp-image-1576 size-full\" src=\"https:\/\/wpcdn.web.wsu.edu\/wp-puyallup\/uploads\/sites\/411\/2018\/07\/FarmersMarket.jpg\" alt=\"A woman paying for vegetables at a farm stand.\" width=\"640\" height=\"446\" srcset=\"https:\/\/wpcdn.web.wsu.edu\/wp-puyallup\/uploads\/sites\/411\/2018\/07\/FarmersMarket.jpg 640w, https:\/\/wpcdn.web.wsu.edu\/wp-puyallup\/uploads\/sites\/411\/2018\/07\/FarmersMarket-396x276.jpg 396w\" sizes=\"(max-width: 640px) 100vw, 640px\" \/><\/p>\n<div data-carousel-extra='{\"blog_id\":411,\"permalink\":\"https:\\\/\\\/puyallup.wsu.edu\\\/soils\\\/archive-wsu-puyallups-legacy-of-urban-and-organic-systems-research\\\/espanol\\\/\",\"likes_blog_id\":false}' id='gallery-1' class='gallery galleryid-1572 gallery-columns-3 gallery-size-medium'><figure class='gallery-item'>\n\t\t\t<div class='gallery-icon portrait'>\n\t\t\t\t<img width=\"396\" height=\"509\" src=\"https:\/\/wpcdn.web.wsu.edu\/wp-puyallup\/uploads\/sites\/411\/2019\/02\/Recursos1-396x509.jpg\" class=\"attachment-medium size-medium\" alt=\"Cover of &quot;Guardado de frutas en conserva. A pacific Northwest Extension Publications. PNW1995. Washington State University, Oregon State University, University of Idaho&quot;\" decoding=\"async\" loading=\"lazy\" srcset=\"https:\/\/wpcdn.web.wsu.edu\/wp-puyallup\/uploads\/sites\/411\/2019\/02\/Recursos1-396x509.jpg 396w, https:\/\/wpcdn.web.wsu.edu\/wp-puyallup\/uploads\/sites\/411\/2019\/02\/Recursos1.jpg 670w\" sizes=\"(max-width: 396px) 100vw, 396px\" data-attachment-id=\"1891\" data-orig-file=\"https:\/\/wpcdn.web.wsu.edu\/wp-puyallup\/uploads\/sites\/411\/2019\/02\/Recursos1.jpg\" data-orig-size=\"670,861\" data-comments-opened=\"1\" data-image-meta=\"{&quot;aperture&quot;:&quot;0&quot;,&quot;credit&quot;:&quot;Myhre, Elizabeth Anne&quot;,&quot;camera&quot;:&quot;&quot;,&quot;caption&quot;:&quot;&quot;,&quot;created_timestamp&quot;:&quot;1550143146&quot;,&quot;copyright&quot;:&quot;&quot;,&quot;focal_length&quot;:&quot;0&quot;,&quot;iso&quot;:&quot;0&quot;,&quot;shutter_speed&quot;:&quot;0&quot;,&quot;title&quot;:&quot;&quot;,&quot;orientation&quot;:&quot;0&quot;,&quot;keywords&quot;:&quot;Array&quot;}\" data-image-title=\"Guardado de frutas en conserva\" data-image-description=\"\" data-medium-file=\"https:\/\/wpcdn.web.wsu.edu\/wp-puyallup\/uploads\/sites\/411\/2019\/02\/Recursos1-396x509.jpg\" data-large-file=\"https:\/\/wpcdn.web.wsu.edu\/wp-puyallup\/uploads\/sites\/411\/2019\/02\/Recursos1.jpg\" \/>\n\t\t\t<\/div><\/figure><figure class='gallery-item'>\n\t\t\t<div class='gallery-icon portrait'>\n\t\t\t\t<img width=\"396\" height=\"512\" src=\"https:\/\/wpcdn.web.wsu.edu\/wp-puyallup\/uploads\/sites\/411\/2019\/02\/Recursos2-396x512.jpg\" class=\"attachment-medium size-medium\" alt=\"Cover of &quot;Elaboracion de conservas de tomates y productos de tomates. A Pacific Northwest Extension Publication. Oregon State University, Washington State University, University of Idaho. PNW 300-S&quot;\" decoding=\"async\" loading=\"lazy\" srcset=\"https:\/\/wpcdn.web.wsu.edu\/wp-puyallup\/uploads\/sites\/411\/2019\/02\/Recursos2-396x512.jpg 396w, https:\/\/wpcdn.web.wsu.edu\/wp-puyallup\/uploads\/sites\/411\/2019\/02\/Recursos2.jpg 667w\" sizes=\"(max-width: 396px) 100vw, 396px\" data-attachment-id=\"1893\" data-orig-file=\"https:\/\/wpcdn.web.wsu.edu\/wp-puyallup\/uploads\/sites\/411\/2019\/02\/Recursos2.jpg\" data-orig-size=\"667,863\" data-comments-opened=\"1\" data-image-meta=\"{&quot;aperture&quot;:&quot;0&quot;,&quot;credit&quot;:&quot;Myhre, Elizabeth Anne&quot;,&quot;camera&quot;:&quot;&quot;,&quot;caption&quot;:&quot;&quot;,&quot;created_timestamp&quot;:&quot;1550143077&quot;,&quot;copyright&quot;:&quot;&quot;,&quot;focal_length&quot;:&quot;0&quot;,&quot;iso&quot;:&quot;0&quot;,&quot;shutter_speed&quot;:&quot;0&quot;,&quot;title&quot;:&quot;&quot;,&quot;orientation&quot;:&quot;0&quot;,&quot;keywords&quot;:&quot;Array&quot;}\" data-image-title=\"Elaboracion de conservas de tomates y productos de tomates\" data-image-description=\"\" data-medium-file=\"https:\/\/wpcdn.web.wsu.edu\/wp-puyallup\/uploads\/sites\/411\/2019\/02\/Recursos2-396x512.jpg\" data-large-file=\"https:\/\/wpcdn.web.wsu.edu\/wp-puyallup\/uploads\/sites\/411\/2019\/02\/Recursos2.jpg\" \/>\n\t\t\t<\/div><\/figure><figure class='gallery-item'>\n\t\t\t<div class='gallery-icon portrait'>\n\t\t\t\t<img width=\"396\" height=\"494\" src=\"https:\/\/wpcdn.web.wsu.edu\/wp-puyallup\/uploads\/sites\/411\/2019\/02\/Recuros3-396x494.jpg\" class=\"attachment-medium size-medium\" alt=\"Cover of &quot;Los Principios de Manejo de las Malezas en Cesped y Plantas Ornamentales: incluye las leyes y la seguridad con los plaguicidas. Washington State University Extension. EM0235. Una guia para el manejo y uso correcto para los usuarios de plaguicidas y principios de manejo de las malezas en cesped y plantas ornamentales.&quot;\" decoding=\"async\" loading=\"lazy\" srcset=\"https:\/\/wpcdn.web.wsu.edu\/wp-puyallup\/uploads\/sites\/411\/2019\/02\/Recuros3-396x494.jpg 396w, https:\/\/wpcdn.web.wsu.edu\/wp-puyallup\/uploads\/sites\/411\/2019\/02\/Recuros3.jpg 727w\" sizes=\"(max-width: 396px) 100vw, 396px\" data-attachment-id=\"1892\" data-orig-file=\"https:\/\/wpcdn.web.wsu.edu\/wp-puyallup\/uploads\/sites\/411\/2019\/02\/Recuros3.jpg\" data-orig-size=\"727,906\" data-comments-opened=\"1\" data-image-meta=\"{&quot;aperture&quot;:&quot;0&quot;,&quot;credit&quot;:&quot;Myhre, Elizabeth Anne&quot;,&quot;camera&quot;:&quot;&quot;,&quot;caption&quot;:&quot;&quot;,&quot;created_timestamp&quot;:&quot;1550143313&quot;,&quot;copyright&quot;:&quot;&quot;,&quot;focal_length&quot;:&quot;0&quot;,&quot;iso&quot;:&quot;0&quot;,&quot;shutter_speed&quot;:&quot;0&quot;,&quot;title&quot;:&quot;&quot;,&quot;orientation&quot;:&quot;0&quot;,&quot;keywords&quot;:&quot;Array&quot;}\" data-image-title=\"&#8220;Los Principios de Manejo de las Malezas en Cesped y Plantas Ornamentales: incluye las leyes y la seguridad con los plaguicidas\" data-image-description=\"\" data-medium-file=\"https:\/\/wpcdn.web.wsu.edu\/wp-puyallup\/uploads\/sites\/411\/2019\/02\/Recuros3-396x494.jpg\" data-large-file=\"https:\/\/wpcdn.web.wsu.edu\/wp-puyallup\/uploads\/sites\/411\/2019\/02\/Recuros3.jpg\" \/>\n\t\t\t<\/div><\/figure>\n\t\t<\/div>\n\n<p><img decoding=\"async\" loading=\"lazy\" class=\"size-medium wp-image-1900 aligncenter\" src=\"https:\/\/wpcdn.web.wsu.edu\/wp-puyallup\/uploads\/sites\/411\/2019\/02\/Recursos6-CHANRS-396x241.jpg\" alt=\"A farm field.\" width=\"396\" height=\"241\" srcset=\"https:\/\/wpcdn.web.wsu.edu\/wp-puyallup\/uploads\/sites\/411\/2019\/02\/Recursos6-CHANRS-396x241.jpg 396w, https:\/\/wpcdn.web.wsu.edu\/wp-puyallup\/uploads\/sites\/411\/2019\/02\/Recursos6-CHANRS-768x467.jpg 768w, https:\/\/wpcdn.web.wsu.edu\/wp-puyallup\/uploads\/sites\/411\/2019\/02\/Recursos6-CHANRS-792x481.jpg 792w, https:\/\/wpcdn.web.wsu.edu\/wp-puyallup\/uploads\/sites\/411\/2019\/02\/Recursos6-CHANRS-990x602.jpg 990w, https:\/\/wpcdn.web.wsu.edu\/wp-puyallup\/uploads\/sites\/411\/2019\/02\/Recursos6-CHANRS-1188x722.jpg 1188w, https:\/\/wpcdn.web.wsu.edu\/wp-puyallup\/uploads\/sites\/411\/2019\/02\/Recursos6-CHANRS.jpg 1237w\" sizes=\"(max-width: 396px) 100vw, 396px\" \/><\/p>\n\n<\/div>\r\n\n<\/div>","protected":false},"excerpt":{"rendered":"","protected":false},"author":681,"featured_media":0,"parent":2311,"menu_order":0,"comment_status":"closed","ping_status":"closed","template":"","meta":[],"categories":[],"tags":[],"wsuwp_university_location":[55],"wsuwp_university_org":[441],"_links":{"self":[{"href":"https:\/\/puyallup.wsu.edu\/soils\/wp-json\/wp\/v2\/pages\/1572"}],"collection":[{"href":"https:\/\/puyallup.wsu.edu\/soils\/wp-json\/wp\/v2\/pages"}],"about":[{"href":"https:\/\/puyallup.wsu.edu\/soils\/wp-json\/wp\/v2\/types\/page"}],"author":[{"embeddable":true,"href":"https:\/\/puyallup.wsu.edu\/soils\/wp-json\/wp\/v2\/users\/681"}],"replies":[{"embeddable":true,"href":"https:\/\/puyallup.wsu.edu\/soils\/wp-json\/wp\/v2\/comments?post=1572"}],"version-history":[{"count":18,"href":"https:\/\/puyallup.wsu.edu\/soils\/wp-json\/wp\/v2\/pages\/1572\/revisions"}],"predecessor-version":[{"id":2547,"href":"https:\/\/puyallup.wsu.edu\/soils\/wp-json\/wp\/v2\/pages\/1572\/revisions\/2547"}],"up":[{"embeddable":true,"href":"https:\/\/puyallup.wsu.edu\/soils\/wp-json\/wp\/v2\/pages\/2311"}],"wp:attachment":[{"href":"https:\/\/puyallup.wsu.edu\/soils\/wp-json\/wp\/v2\/media?parent=1572"}],"wp:term":[{"taxonomy":"category","embeddable":true,"href":"https:\/\/puyallup.wsu.edu\/soils\/wp-json\/wp\/v2\/categories?post=1572"},{"taxonomy":"post_tag","embeddable":true,"href":"https:\/\/puyallup.wsu.edu\/soils\/wp-json\/wp\/v2\/tags?post=1572"},{"taxonomy":"wsuwp_university_location","embeddable":true,"href":"https:\/\/puyallup.wsu.edu\/soils\/wp-json\/wp\/v2\/wsuwp_university_location?post=1572"},{"taxonomy":"wsuwp_university_org","embeddable":true,"href":"https:\/\/puyallup.wsu.edu\/soils\/wp-json\/wp\/v2\/wsuwp_university_org?post=1572"}],"curies":[{"name":"wp","href":"https:\/\/api.w.org\/{rel}","templated":true}]}}